{"id":5,"date":"2021-12-17T09:52:41","date_gmt":"2021-12-17T08:52:41","guid":{"rendered":"https:\/\/h-frummet.de\/?page_id=5"},"modified":"2022-02-02T13:42:28","modified_gmt":"2022-02-02T12:42:28","slug":"home","status":"publish","type":"page","link":"https:\/\/h-frummet.de\/","title":{"rendered":"Start"},"content":{"rendered":"\n<p><\/p>\n\n\n\n<div style=\"height:174px\" aria-hidden=\"true\" class=\"wp-block-spacer\"><\/div>\n\n\n\n<p><\/p>\n\n\n\n<p class=\"has-drop-cap\">Wir vom Hausmeisterservice Frummet bieten Ihnen eine qualifizierte Betreuung Ihrer Immobilie in Regensburg und Umgebung.<\/p>\n\n\n\n<p>Zu unseren Diensten geh\u00f6ren die Innen- und Au\u00dfenpflege von Geb\u00e4uden, die haustechnische Betreuung sowie klassische Hausmeisterarbeiten.<\/p>\n\n\n\n<p>Unser Ziel ist Sie bei der Werterhaltung und Pflege Ihrer Immobilie kompetent, fachgerecht und reaktionsschnell zu unterst\u00fctzen. Zu unserem Kundenstamm geh\u00f6ren u.a. Hausverwaltungen, Liegenschaften, Kommunen, Firmen, Hotels und Privathaushalte.<\/p>\n\n\n\n<p>Um einen konkreteren Einblick in unsere Dienste zu gewinnen, haben wir f\u00fcr Sie einige unserer Leistungen hier aufgef\u00fchrt.<\/p>\n\n\n\n<p class=\"has-text-align-center\"><strong>Objektbetreuung<br>Geb\u00e4udeinnenreinigung<br>Glasreinigung<br>Aussenanlagenpflege<br>Garten- und Gr\u00fcnanlagenpflege<br>Winterdienst<br>Entr\u00fcmpelung und Entsorgung aller Art<br>Hausmeistervertretungen<br>24 Std. Notdienst<\/strong><\/p>\n\n\n\n<p>Gerne vereinbaren wir mit Ihnen einen pers\u00f6nlichen Termin, um Ihnen ein individuelles angebot unterbreiten zu k\u00f6nnen.<br>Wir freuen uns auf Sie.<\/p>\n\n\n\n<p>Ihr Herbert Frummet<br><\/p>\n\n\n\n<div class=\"wp-block-image is-style-default\"><figure class=\"aligncenter size-large\"><img loading=\"lazy\" decoding=\"async\" width=\"1024\" height=\"656\" src=\"https:\/\/h-frummet.de\/wp-content\/uploads\/2021\/12\/Visitenkarte-1024x656.jpg\" alt=\"\" class=\"wp-image-8\" srcset=\"https:\/\/h-frummet.de\/wp-content\/uploads\/2021\/12\/Visitenkarte-1024x656.jpg 1024w, https:\/\/h-frummet.de\/wp-content\/uploads\/2021\/12\/Visitenkarte-300x192.jpg 300w, https:\/\/h-frummet.de\/wp-content\/uploads\/2021\/12\/Visitenkarte-768x492.jpg 768w, https:\/\/h-frummet.de\/wp-content\/uploads\/2021\/12\/Visitenkarte-1536x985.jpg 1536w, https:\/\/h-frummet.de\/wp-content\/uploads\/2021\/12\/Visitenkarte-1200x769.jpg 1200w, https:\/\/h-frummet.de\/wp-content\/uploads\/2021\/12\/Visitenkarte.jpg 1995w\" sizes=\"auto, (max-width: 1024px) 100vw, 1024px\" \/><\/figure><\/div>\n","protected":false},"excerpt":{"rendered":"<p>Wir vom Hausmeisterservice Frummet bieten Ihnen eine qualifizierte Betreuung Ihrer Immobilie in Regensburg und Umgebung. Zu unseren Diensten geh\u00f6ren die Innen- und Au\u00dfenpflege von Geb\u00e4uden, [&hellip;]<\/p>\n","protected":false},"author":1,"featured_media":0,"parent":0,"menu_order":0,"comment_status":"closed","ping_status":"closed","template":"","meta":{"footnotes":""},"class_list":["post-5","page","type-page","status-publish","hentry"],"jetpack_sharing_enabled":true,"_links":{"self":[{"href":"https:\/\/h-frummet.de\/index.php?rest_route=\/wp\/v2\/pages\/5","targetHints":{"allow":["GET"]}}],"collection":[{"href":"https:\/\/h-frummet.de\/index.php?rest_route=\/wp\/v2\/pages"}],"about":[{"href":"https:\/\/h-frummet.de\/index.php?rest_route=\/wp\/v2\/types\/page"}],"author":[{"embeddable":true,"href":"https:\/\/h-frummet.de\/index.php?rest_route=\/wp\/v2\/users\/1"}],"replies":[{"embeddable":true,"href":"https:\/\/h-frummet.de\/index.php?rest_route=%2Fwp%2Fv2%2Fcomments&post=5"}],"version-history":[{"count":8,"href":"https:\/\/h-frummet.de\/index.php?rest_route=\/wp\/v2\/pages\/5\/revisions"}],"predecessor-version":[{"id":100,"href":"https:\/\/h-frummet.de\/index.php?rest_route=\/wp\/v2\/pages\/5\/revisions\/100"}],"wp:attachment":[{"href":"https:\/\/h-frummet.de\/index.php?rest_route=%2Fwp%2Fv2%2Fmedia&parent=5"}],"curies":[{"name":"wp","href":"https:\/\/api.w.org\/{rel}","templated":true}]}}